{"id":293,"date":"2025-07-02T13:53:24","date_gmt":"2025-07-02T13:53:24","guid":{"rendered":"https:\/\/highrootscoffee.com\/?page_id=293"},"modified":"2025-07-02T14:03:49","modified_gmt":"2025-07-02T14:03:49","slug":"terminos-y-condiciones","status":"publish","type":"page","link":"https:\/\/highrootscoffee.com\/en\/terminos-y-condiciones\/","title":{"rendered":"Terms &amp; conditions"},"content":{"rendered":"<div data-elementor-type=\"wp-page\" data-elementor-id=\"293\" class=\"elementor elementor-293\" data-elementor-post-type=\"page\">\n\t\t\t\t<div class=\"elementor-element elementor-element-693406b e-flex e-con-boxed e-con e-parent\" data-id=\"693406b\" data-element_type=\"container\">\n\t\t\t\t\t<div class=\"e-con-inner\">\n\t\t\t\t<div class=\"elementor-element elementor-element-3da8dab elementor-widget elementor-widget-heading\" data-id=\"3da8dab\" data-element_type=\"widget\" data-widget_type=\"heading.default\">\n\t\t\t\t\t<h2 class=\"elementor-heading-title elementor-size-default\">Terms &amp; conditions<\/h2>\t\t\t\t<\/div>\n\t\t\t\t<div class=\"elementor-element elementor-element-db7556d elementor-widget elementor-widget-text-editor\" data-id=\"db7556d\" data-element_type=\"widget\" data-widget_type=\"text-editor.default\">\n\t\t\t\t\t\t\t\t\t<p data-start=\"456\" data-end=\"699\">Bienvenido a High Roots Coffee. Al acceder a nuestro sitio web o realizar una compra, aceptas los siguientes t\u00e9rminos y condiciones. Si no est\u00e1s de acuerdo, te pedimos no utilizar nuestros servicios.<br \/><br \/><\/p><h3 data-start=\"2944\" data-end=\"2968\">1. Uso del sitio web<\/h3><p data-start=\"2970\" data-end=\"3139\">El contenido de este sitio es propiedad de High Roots Coffee. No est\u00e1 permitido copiar, distribuir o usar con fines comerciales ning\u00fan contenido sin autorizaci\u00f3n previa.<br \/><br \/><\/p><hr data-start=\"3141\" data-end=\"3144\" \/><h3 data-start=\"3146\" data-end=\"3168\"><br \/>2. Compras y pagos<\/h3><ul data-start=\"3170\" data-end=\"3444\"><li data-start=\"3170\" data-end=\"3248\"><p data-start=\"3172\" data-end=\"3248\">Al realizar una compra, aceptas proporcionar informaci\u00f3n veraz y completa.<\/p><\/li><li data-start=\"3249\" data-end=\"3397\"><p data-start=\"3251\" data-end=\"3397\">Nos reservamos el derecho de rechazar o cancelar pedidos por razones como disponibilidad de productos, errores en precios o sospechas de fraude.<\/p><\/li><li data-start=\"3398\" data-end=\"3444\"><p data-start=\"3400\" data-end=\"3444\">Los precios pueden cambiar sin previo aviso.<br \/><br \/><\/p><\/li><\/ul><hr data-start=\"3446\" data-end=\"3449\" \/><h3 data-start=\"3451\" data-end=\"3479\"><br \/>3. Propiedad intelectual<\/h3><p data-start=\"3481\" data-end=\"3648\">Todos los derechos de marca, dise\u00f1o, textos e im\u00e1genes son propiedad de High Roots Coffee o se utilizan bajo licencia. Est\u00e1 prohibido reproducirlos sin consentimiento.<br \/><br \/><\/p><hr data-start=\"3650\" data-end=\"3653\" \/><h3 data-start=\"3655\" data-end=\"3683\"><br \/>4. Env\u00edos y devoluciones<\/h3><ul data-start=\"3685\" data-end=\"3957\"><li data-start=\"3685\" data-end=\"3812\"><p data-start=\"3687\" data-end=\"3812\">Trabajamos para cumplir los tiempos de entrega estimados, pero no nos responsabilizamos por retrasos causados por terceros.<\/p><\/li><li data-start=\"3813\" data-end=\"3957\"><p data-start=\"3815\" data-end=\"3957\">Las solicitudes de devoluci\u00f3n o cambio deben hacerse dentro de los [X] d\u00edas posteriores a la recepci\u00f3n, y est\u00e1n sujetas a revisi\u00f3n de calidad.<br \/><br \/><\/p><\/li><\/ul><hr data-start=\"3959\" data-end=\"3962\" \/><h3 data-start=\"3964\" data-end=\"3995\"><br \/>5. Responsabilidad limitada<\/h3><p data-start=\"3997\" data-end=\"4039\">High Roots Coffee no ser\u00e1 responsable por:<\/p><ul data-start=\"4041\" data-end=\"4218\"><li data-start=\"4041\" data-end=\"4127\"><p data-start=\"4043\" data-end=\"4127\">Da\u00f1os indirectos o p\u00e9rdidas derivadas del uso del sitio o de productos adquiridos.<\/p><\/li><li data-start=\"4128\" data-end=\"4218\"><p data-start=\"4130\" data-end=\"4218\">Interrupciones temporales del sitio por mantenimiento o causas fuera de nuestro control.<br \/><br \/><\/p><\/li><\/ul><hr data-start=\"4220\" data-end=\"4223\" \/><h3 data-start=\"4225\" data-end=\"4259\"><br \/>6. Resoluci\u00f3n de controversias<\/h3><p data-start=\"4261\" data-end=\"4518\">En caso de conflicto, nos comprometemos a buscar soluciones de forma amigable y directa. Si no es posible, cualquier controversia ser\u00e1 resuelta bajo las leyes vigentes del Estado de Florida (EE. UU.), salvo que se acuerde otra jurisdicci\u00f3n por ambas partes.<br \/><br \/><\/p><hr data-start=\"4520\" data-end=\"4523\" \/><h3 data-start=\"4525\" data-end=\"4546\"><br \/>7. Modificaciones<\/h3><p data-start=\"4548\" data-end=\"4673\">Nos reservamos el derecho de actualizar estos t\u00e9rminos en cualquier momento. Es tu responsabilidad revisarlos peri\u00f3dicamente.<br \/><br \/><\/p><hr data-start=\"4675\" data-end=\"4678\" \/><h3 data-start=\"4680\" data-end=\"4695\"><br \/>8. Contacto<\/h3><p data-start=\"4697\" data-end=\"4806\">Si tienes preguntas sobre estas pol\u00edticas o condiciones, cont\u00e1ctanos en:<br data-start=\"4769\" data-end=\"4772\" \/>\ud83d\udce9 <strong data-start=\"4775\" data-end=\"4806\">[<a class=\"cursor-pointer\" rel=\"noopener\">hello@highrootscoffee.com<\/a>]<\/strong><\/p>\t\t\t\t\t\t\t\t<\/div>\n\t\t\t\t\t<\/div>\n\t\t\t\t<\/div>\n\t\t\t\t<\/div>","protected":false},"excerpt":{"rendered":"<p>T\u00e9rminos y condiciones Bienvenido a High Roots Coffee. Al acceder a nuestro sitio web o realizar una compra, aceptas los siguientes t\u00e9rminos y condiciones. Si no est\u00e1s de acuerdo, te pedimos no utilizar nuestros servicios. 1. Uso del sitio web El contenido de este sitio es propiedad de High Roots Coffee. No est\u00e1 permitido copiar, [&hellip;]<\/p>","protected":false},"author":1,"featured_media":0,"parent":0,"menu_order":0,"comment_status":"closed","ping_status":"closed","template":"","meta":{"_joinchat":[],"footnotes":""},"class_list":["post-293","page","type-page","status-publish","hentry"],"_links":{"self":[{"href":"https:\/\/highrootscoffee.com\/en\/wp-json\/wp\/v2\/pages\/293","targetHints":{"allow":["GET"]}}],"collection":[{"href":"https:\/\/highrootscoffee.com\/en\/wp-json\/wp\/v2\/pages"}],"about":[{"href":"https:\/\/highrootscoffee.com\/en\/wp-json\/wp\/v2\/types\/page"}],"author":[{"embeddable":true,"href":"https:\/\/highrootscoffee.com\/en\/wp-json\/wp\/v2\/users\/1"}],"replies":[{"embeddable":true,"href":"https:\/\/highrootscoffee.com\/en\/wp-json\/wp\/v2\/comments?post=293"}],"version-history":[{"count":16,"href":"https:\/\/highrootscoffee.com\/en\/wp-json\/wp\/v2\/pages\/293\/revisions"}],"predecessor-version":[{"id":314,"href":"https:\/\/highrootscoffee.com\/en\/wp-json\/wp\/v2\/pages\/293\/revisions\/314"}],"wp:attachment":[{"href":"https:\/\/highrootscoffee.com\/en\/wp-json\/wp\/v2\/media?parent=293"}],"curies":[{"name":"wp","href":"https:\/\/api.w.org\/{rel}","templated":true}]}}