{"id":291,"date":"2025-07-02T13:53:10","date_gmt":"2025-07-02T13:53:10","guid":{"rendered":"https:\/\/highrootscoffee.com\/?page_id=291"},"modified":"2025-07-02T14:02:10","modified_gmt":"2025-07-02T14:02:10","slug":"politicas-de-privacidad","status":"publish","type":"page","link":"https:\/\/highrootscoffee.com\/en\/politicas-de-privacidad\/","title":{"rendered":"Privacy policies"},"content":{"rendered":"<div data-elementor-type=\"wp-page\" data-elementor-id=\"291\" class=\"elementor elementor-291\" data-elementor-post-type=\"page\">\n\t\t\t\t<div class=\"elementor-element elementor-element-0284431 e-flex e-con-boxed e-con e-parent\" data-id=\"0284431\" data-element_type=\"container\">\n\t\t\t\t\t<div class=\"e-con-inner\">\n\t\t\t\t<div class=\"elementor-element elementor-element-662dcb6 elementor-widget elementor-widget-heading\" data-id=\"662dcb6\" data-element_type=\"widget\" data-widget_type=\"heading.default\">\n\t\t\t\t\t<h2 class=\"elementor-heading-title elementor-size-default\">Privacy policies<\/h2>\t\t\t\t<\/div>\n\t\t\t\t<div class=\"elementor-element elementor-element-2648948 elementor-widget elementor-widget-text-editor\" data-id=\"2648948\" data-element_type=\"widget\" data-widget_type=\"text-editor.default\">\n\t\t\t\t\t\t\t\t\t<p data-start=\"456\" data-end=\"699\">En High Roots Coffee valoramos profundamente tu confianza. Por eso, protegemos tu informaci\u00f3n personal con el mayor cuidado y transparencia. Esta pol\u00edtica explica c\u00f3mo recopilamos, usamos y protegemos tus datos cuando interact\u00faas con nosotros.<\/p><p data-start=\"456\" data-end=\"699\">\u00a0<\/p><h3 data-start=\"706\" data-end=\"742\">1. \u00bfQu\u00e9 informaci\u00f3n recopilamos?<\/h3><p data-start=\"744\" data-end=\"762\">Podemos recopilar:<\/p><ul data-start=\"764\" data-end=\"1083\"><li data-start=\"764\" data-end=\"864\"><p data-start=\"766\" data-end=\"864\">Nombre, correo electr\u00f3nico y n\u00famero de tel\u00e9fono cuando completas formularios o realizas pedidos.<\/p><\/li><li data-start=\"865\" data-end=\"987\"><p data-start=\"867\" data-end=\"987\">Informaci\u00f3n de navegaci\u00f3n como direcci\u00f3n IP, ubicaci\u00f3n, tipo de dispositivo y p\u00e1ginas visitadas (a trav\u00e9s de cookies).<\/p><\/li><li data-start=\"988\" data-end=\"1083\"><p data-start=\"990\" data-end=\"1083\">Preferencias de contacto, h\u00e1bitos de compra y respuestas a encuestas (si decides participar).<br \/><br \/><\/p><\/li><\/ul><hr data-start=\"1085\" data-end=\"1088\" \/><h3 data-start=\"1090\" data-end=\"1125\"><br \/>2. \u00bfC\u00f3mo usamos tu informaci\u00f3n?<\/h3><p data-start=\"1127\" data-end=\"1149\">Usamos tus datos para:<\/p><ul data-start=\"1151\" data-end=\"1418\"><li data-start=\"1151\" data-end=\"1201\"><p data-start=\"1153\" data-end=\"1201\">Procesar tus solicitudes, pedidos o consultas.<\/p><\/li><li data-start=\"1202\" data-end=\"1287\"><p data-start=\"1204\" data-end=\"1287\">Enviarte informaci\u00f3n relevante sobre nuestros productos, servicios y promociones.<\/p><\/li><li data-start=\"1288\" data-end=\"1333\"><p data-start=\"1290\" data-end=\"1333\">Mejorar tu experiencia con nuestra marca.<\/p><\/li><li data-start=\"1334\" data-end=\"1418\"><p data-start=\"1336\" data-end=\"1418\">Contactarte para conocer tu opini\u00f3n mediante encuestas o formularios opcionales.<\/p><\/li><\/ul><p data-start=\"1420\" data-end=\"1544\"><strong data-start=\"1420\" data-end=\"1465\">Puedes darte de baja en cualquier momento<\/strong> de nuestras comunicaciones haciendo clic en el enlace al final de cada correo.<br \/><br \/><\/p><hr data-start=\"1546\" data-end=\"1549\" \/><h3 data-start=\"1551\" data-end=\"1581\"><br \/>3. Protecci\u00f3n de tus datos<\/h3><p data-start=\"1583\" data-end=\"1713\">Implementamos medidas t\u00e9cnicas y organizativas para proteger tu informaci\u00f3n frente a accesos no autorizados, p\u00e9rdida o alteraci\u00f3n.<br \/><br \/><\/p><hr data-start=\"1715\" data-end=\"1718\" \/><h3 data-start=\"1720\" data-end=\"1755\"><br \/>4. \u00bfCompartimos tu informaci\u00f3n?<\/h3><p data-start=\"1757\" data-end=\"2006\"><strong data-start=\"1757\" data-end=\"1808\">No vendemos ni alquilamos tus datos personales.<\/strong><br data-start=\"1808\" data-end=\"1811\" \/>Podemos compartir tu informaci\u00f3n solo con proveedores de confianza que nos ayudan a operar nuestro sitio web, enviar correos electr\u00f3nicos o procesar pagos, siempre bajo estricta confidencialidad.<br \/><br \/><\/p><hr data-start=\"2008\" data-end=\"2011\" \/><h3 data-start=\"2013\" data-end=\"2032\"><br \/>5. Tus derechos<\/h3><p data-start=\"2034\" data-end=\"2051\">Tienes derecho a:<\/p><ul data-start=\"2053\" data-end=\"2203\"><li data-start=\"2053\" data-end=\"2107\"><p data-start=\"2055\" data-end=\"2107\">Acceder, corregir o eliminar tus datos personales.<\/p><\/li><li data-start=\"2108\" data-end=\"2153\"><p data-start=\"2110\" data-end=\"2153\">Oponerte a su uso con fines de marketing.<\/p><\/li><li data-start=\"2154\" data-end=\"2203\"><p data-start=\"2156\" data-end=\"2203\">Retirar tu consentimiento en cualquier momento.<\/p><\/li><\/ul><p data-start=\"2205\" data-end=\"2272\">Para ejercer estos derechos, escr\u00edbenos a: <strong data-start=\"2248\" data-end=\"2272\">info@highrootscoffee.com<br \/><br \/><\/strong><\/p><hr data-start=\"2274\" data-end=\"2277\" \/><h3 data-start=\"2279\" data-end=\"2293\"><br \/>6. Cookies<\/h3><p data-start=\"2295\" data-end=\"2450\">Usamos cookies para analizar el uso del sitio y ofrecerte una mejor experiencia. Puedes modificar tus preferencias desde tu navegador en cualquier momento.<\/p>\t\t\t\t\t\t\t\t<\/div>\n\t\t\t\t\t<\/div>\n\t\t\t\t<\/div>\n\t\t\t\t<\/div>","protected":false},"excerpt":{"rendered":"<p>Pol\u00edticas de privacidad En High Roots Coffee valoramos profundamente tu confianza. Por eso, protegemos tu informaci\u00f3n personal con el mayor cuidado y transparencia. Esta pol\u00edtica explica c\u00f3mo recopilamos, usamos y protegemos tus datos cuando interact\u00faas con nosotros. \u00a0 1. \u00bfQu\u00e9 informaci\u00f3n recopilamos? Podemos recopilar: Nombre, correo electr\u00f3nico y n\u00famero de tel\u00e9fono cuando completas formularios o [&hellip;]<\/p>","protected":false},"author":1,"featured_media":0,"parent":0,"menu_order":0,"comment_status":"closed","ping_status":"closed","template":"","meta":{"_joinchat":[],"footnotes":""},"class_list":["post-291","page","type-page","status-publish","hentry"],"_links":{"self":[{"href":"https:\/\/highrootscoffee.com\/en\/wp-json\/wp\/v2\/pages\/291","targetHints":{"allow":["GET"]}}],"collection":[{"href":"https:\/\/highrootscoffee.com\/en\/wp-json\/wp\/v2\/pages"}],"about":[{"href":"https:\/\/highrootscoffee.com\/en\/wp-json\/wp\/v2\/types\/page"}],"author":[{"embeddable":true,"href":"https:\/\/highrootscoffee.com\/en\/wp-json\/wp\/v2\/users\/1"}],"replies":[{"embeddable":true,"href":"https:\/\/highrootscoffee.com\/en\/wp-json\/wp\/v2\/comments?post=291"}],"version-history":[{"count":4,"href":"https:\/\/highrootscoffee.com\/en\/wp-json\/wp\/v2\/pages\/291\/revisions"}],"predecessor-version":[{"id":311,"href":"https:\/\/highrootscoffee.com\/en\/wp-json\/wp\/v2\/pages\/291\/revisions\/311"}],"wp:attachment":[{"href":"https:\/\/highrootscoffee.com\/en\/wp-json\/wp\/v2\/media?parent=291"}],"curies":[{"name":"wp","href":"https:\/\/api.w.org\/{rel}","templated":true}]}}